{"id":824,"date":"2023-11-28T17:38:18","date_gmt":"2023-11-28T17:38:18","guid":{"rendered":"https:\/\/teeregen.de\/?page_id=824"},"modified":"2026-03-08T19:38:58","modified_gmt":"2026-03-08T19:38:58","slug":"tmagazin","status":"publish","type":"page","link":"https:\/\/teeregen.de\/en\/tmagazin\/","title":{"rendered":"teeregen x t-Magazin"},"content":{"rendered":"<p class=\"has-text-align-center has-nv-site-bg-background-color has-background\">tea rain &#8211; \u8336\u96e8 cha yu<\/p>\n\n\n\n<figure class=\"wp-block-pullquote alignwide\" style=\"font-size:30px\"><blockquote><p>More teeregen in paper format and online!<\/p><\/blockquote><\/figure>\n\n\n\n<div class=\"wp-block-columns is-layout-flex wp-container-core-columns-layout-1 wp-block-columns-is-layout-flex\">\n<div class=\"wp-block-column is-layout-flow wp-block-column-is-layout-flow\"><\/div>\n<\/div>\n\n\n\n<div class=\"wp-block-columns alignfull has-nv-dark-bg-background-color has-background is-layout-flex wp-container-core-columns-layout-2 wp-block-columns-is-layout-flex\" style=\"padding-top:var(--wp--preset--spacing--60);padding-right:var(--wp--preset--spacing--60);padding-bottom:var(--wp--preset--spacing--60);padding-left:var(--wp--preset--spacing--60)\">\n<div class=\"wp-block-column is-layout-flow wp-block-column-is-layout-flow\">\n<figure class=\"wp-block-image size-large\"><img loading=\"lazy\" decoding=\"async\" width=\"1024\" height=\"683\" src=\"https:\/\/teeregen.de\/wp-content\/uploads\/2024\/12\/241204_teeregen_tmag_Wuwei-1024x683.jpg\" alt=\"\" class=\"wp-image-1535\" srcset=\"https:\/\/teeregen.de\/wp-content\/uploads\/2024\/12\/241204_teeregen_tmag_Wuwei-1024x683.jpg 1024w, https:\/\/teeregen.de\/wp-content\/uploads\/2024\/12\/241204_teeregen_tmag_Wuwei-300x200.jpg 300w, https:\/\/teeregen.de\/wp-content\/uploads\/2024\/12\/241204_teeregen_tmag_Wuwei-768x512.jpg 768w, https:\/\/teeregen.de\/wp-content\/uploads\/2024\/12\/241204_teeregen_tmag_Wuwei-18x12.jpg 18w, https:\/\/teeregen.de\/wp-content\/uploads\/2024\/12\/241204_teeregen_tmag_Wuwei-930x620.jpg 930w, https:\/\/teeregen.de\/wp-content\/uploads\/2024\/12\/241204_teeregen_tmag_Wuwei.jpg 1500w\" sizes=\"(max-width: 1024px) 100vw, 1024px\" \/><\/figure>\n<\/div>\n\n\n\n<div class=\"wp-block-column is-layout-flow wp-block-column-is-layout-flow\">\n<p class=\"has-nv-site-bg-color has-text-color has-link-color wp-elements-b7e00bf14ff3a6105e832bda45821836\"><strong>t-Magazin<\/strong><\/p>\n\n\n\n<p class=\"has-text-align-left has-nv-site-bg-color has-text-color has-link-color wp-elements-14eeae5ef8da882082ce6c9437adf61e\">Understanding Tea Language.<\/p>\n\n\n\n<p class=\"has-nv-site-bg-color has-text-color has-link-color wp-elements-42f846bbc389489cd8a38409c2196904\">You can now learn a lot more about tea in t-Magazin, the magazine for tea culture. In the series \"Understanding Tea Language\", I shed some light onto some Chinese tea terms.<\/p>\n\n\n\n<p class=\"has-nv-site-bg-color has-text-color has-link-color wp-elements-b7fd04b88d3d792609a8ce3cce4957c1\"><a href=\"https:\/\/www.t-magazin.net\/\">To t-Magazin's website.<\/a><\/p>\n<\/div>\n<\/div>\n\n\n\n<div class=\"wp-block-columns alignfull has-neve-link-hover-color-background-color has-background is-layout-flex wp-container-core-columns-layout-3 wp-block-columns-is-layout-flex\">\n<div class=\"wp-block-column is-layout-flow wp-block-column-is-layout-flow\">\n<div class=\"wp-block-group is-layout-constrained wp-block-group-is-layout-constrained\" style=\"padding-top:var(--wp--preset--spacing--60);padding-right:var(--wp--preset--spacing--60);padding-bottom:var(--wp--preset--spacing--60);padding-left:var(--wp--preset--spacing--60)\"><div class=\"wp-block-group__inner-container\">\n<p><strong>t-Walks<\/strong><\/p>\n\n\n\n<p class=\"has-text-align-left\">Understanding tea.<\/p>\n\n\n\n<p>Over at t-Magazin's blog, I share tidbits about my experience with tea culture. Be ready for intimate tea moments and geeky tea knowledge.<\/p>\n\n\n\n<p><a href=\"https:\/\/www.t-magazin.net\/blog\/categories\/teewissen\">Follow the link here to the blog<\/a><\/p>\n<\/div><\/div>\n<\/div>\n\n\n\n<div class=\"wp-block-column is-layout-flow wp-block-column-is-layout-flow\">\n<figure class=\"wp-block-image size-large\"><img loading=\"lazy\" decoding=\"async\" width=\"1024\" height=\"682\" src=\"https:\/\/teeregen.de\/wp-content\/uploads\/2025\/05\/231202_teeregen_tmag_vierte-1024x682.jpg\" alt=\"\" class=\"wp-image-1634\" srcset=\"https:\/\/teeregen.de\/wp-content\/uploads\/2025\/05\/231202_teeregen_tmag_vierte-1024x682.jpg 1024w, https:\/\/teeregen.de\/wp-content\/uploads\/2025\/05\/231202_teeregen_tmag_vierte-300x200.jpg 300w, https:\/\/teeregen.de\/wp-content\/uploads\/2025\/05\/231202_teeregen_tmag_vierte-768x512.jpg 768w, https:\/\/teeregen.de\/wp-content\/uploads\/2025\/05\/231202_teeregen_tmag_vierte-1536x1024.jpg 1536w, https:\/\/teeregen.de\/wp-content\/uploads\/2025\/05\/231202_teeregen_tmag_vierte-18x12.jpg 18w, https:\/\/teeregen.de\/wp-content\/uploads\/2025\/05\/231202_teeregen_tmag_vierte-930x620.jpg 930w, https:\/\/teeregen.de\/wp-content\/uploads\/2025\/05\/231202_teeregen_tmag_vierte.jpg 2000w\" sizes=\"(max-width: 1024px) 100vw, 1024px\" \/><\/figure>\n<\/div>\n<\/div>\n\n\n\n<p class=\"has-text-align-center\"><\/p>\n\n\n\n<ul class=\"wp-block-social-links aligncenter has-huge-icon-size is-layout-flex wp-block-social-links-is-layout-flex\"><li class=\"wp-social-link wp-social-link-instagram  wp-block-social-link\"><a href=\"https:\/\/www.instagram.com\/teeregen\/\" class=\"wp-block-social-link-anchor\"><svg width=\"24\" height=\"24\" viewbox=\"0 0 24 24\" version=\"1.1\" xmlns=\"http:\/\/www.w3.org\/2000\/svg\" aria-hidden=\"true\" focusable=\"false\"><path d=\"M12,4.622c2.403,0,2.688,0.009,3.637,0.052c0.877,0.04,1.354,0.187,1.671,0.31c0.42,0.163,0.72,0.358,1.035,0.673 c0.315,0.315,0.51,0.615,0.673,1.035c0.123,0.317,0.27,0.794,0.31,1.671c0.043,0.949,0.052,1.234,0.052,3.637 s-0.009,2.688-0.052,3.637c-0.04,0.877-0.187,1.354-0.31,1.671c-0.163,0.42-0.358,0.72-0.673,1.035 c-0.315,0.315-0.615,0.51-1.035,0.673c-0.317,0.123-0.794,0.27-1.671,0.31c-0.949,0.043-1.233,0.052-3.637,0.052 s-2.688-0.009-3.637-0.052c-0.877-0.04-1.354-0.187-1.671-0.31c-0.42-0.163-0.72-0.358-1.035-0.673 c-0.315-0.315-0.51-0.615-0.673-1.035c-0.123-0.317-0.27-0.794-0.31-1.671C4.631,14.688,4.622,14.403,4.622,12 s0.009-2.688,0.052-3.637c0.04-0.877,0.187-1.354,0.31-1.671c0.163-0.42,0.358-0.72,0.673-1.035 c0.315-0.315,0.615-0.51,1.035-0.673c0.317-0.123,0.794-0.27,1.671-0.31C9.312,4.631,9.597,4.622,12,4.622 M12,3 C9.556,3,9.249,3.01,8.289,3.054C7.331,3.098,6.677,3.25,6.105,3.472C5.513,3.702,5.011,4.01,4.511,4.511 c-0.5,0.5-0.808,1.002-1.038,1.594C3.25,6.677,3.098,7.331,3.054,8.289C3.01,9.249,3,9.556,3,12c0,2.444,0.01,2.751,0.054,3.711 c0.044,0.958,0.196,1.612,0.418,2.185c0.23,0.592,0.538,1.094,1.038,1.594c0.5,0.5,1.002,0.808,1.594,1.038 c0.572,0.222,1.227,0.375,2.185,0.418C9.249,20.99,9.556,21,12,21s2.751-0.01,3.711-0.054c0.958-0.044,1.612-0.196,2.185-0.418 c0.592-0.23,1.094-0.538,1.594-1.038c0.5-0.5,0.808-1.002,1.038-1.594c0.222-0.572,0.375-1.227,0.418-2.185 C20.99,14.751,21,14.444,21,12s-0.01-2.751-0.054-3.711c-0.044-0.958-0.196-1.612-0.418-2.185c-0.23-0.592-0.538-1.094-1.038-1.594 c-0.5-0.5-1.002-0.808-1.594-1.038c-0.572-0.222-1.227-0.375-2.185-0.418C14.751,3.01,14.444,3,12,3L12,3z M12,7.378 c-2.552,0-4.622,2.069-4.622,4.622S9.448,16.622,12,16.622s4.622-2.069,4.622-4.622S14.552,7.378,12,7.378z M12,15 c-1.657,0-3-1.343-3-3s1.343-3,3-3s3,1.343,3,3S13.657,15,12,15z M16.804,6.116c-0.596,0-1.08,0.484-1.08,1.08 s0.484,1.08,1.08,1.08c0.596,0,1.08-0.484,1.08-1.08S17.401,6.116,16.804,6.116z\"><\/path><\/svg><span class=\"wp-block-social-link-label screen-reader-text\">Instagram<\/span><\/a><\/li>\n\n<li class=\"wp-social-link wp-social-link-chain  wp-block-social-link\"><a href=\"https:\/\/teeregen.sumupstore.com\" class=\"wp-block-social-link-anchor\"><svg width=\"24\" height=\"24\" viewbox=\"0 0 24 24\" version=\"1.1\" xmlns=\"http:\/\/www.w3.org\/2000\/svg\" aria-hidden=\"true\" focusable=\"false\"><path d=\"M15.6,7.2H14v1.5h1.6c2,0,3.7,1.7,3.7,3.7s-1.7,3.7-3.7,3.7H14v1.5h1.6c2.8,0,5.2-2.3,5.2-5.2,0-2.9-2.3-5.2-5.2-5.2zM4.7,12.4c0-2,1.7-3.7,3.7-3.7H10V7.2H8.4c-2.9,0-5.2,2.3-5.2,5.2,0,2.9,2.3,5.2,5.2,5.2H10v-1.5H8.4c-2,0-3.7-1.7-3.7-3.7zm4.6.9h5.3v-1.5H9.3v1.5z\"><\/path><\/svg><span class=\"wp-block-social-link-label screen-reader-text\">Link<\/span><\/a><\/li><\/ul>\n\n\n\n<p class=\"has-text-align-center\" style=\"font-size:22px\"><strong>LY<\/strong><\/p>\n\n\n\n<p><\/p>\n\n\n\n<p><\/p>","protected":false},"excerpt":{"rendered":"<p>tea rain &#8211; \u8336\u96e8 cha yu Noch mehr teeregen als Printausgabe und online! t-Magazin Teesprache verstehen. Im t-Magazin, dem deutschen Magazin f\u00fcr Teekultur k\u00f6nnt ihr nun noch mehr \u00fcber Tee lernen. In der Serie &#8222;Teesprache verstehen&#8220; f\u00fchre ich durch den Dschungel der Teebegriffe. Hier geht es zur Webseite des t-Magazin t-Spazierg\u00e4nge Tee verstehen. Auf dem&hellip;&nbsp;<a href=\"https:\/\/teeregen.de\/en\/tmagazin\/\" rel=\"bookmark\">Read More &raquo;<span class=\"screen-reader-text\">teeregen x t-Magazin<\/span><\/a><\/p>","protected":false},"author":1,"featured_media":862,"parent":0,"menu_order":0,"comment_status":"closed","ping_status":"closed","template":"","meta":{"neve_meta_sidebar":"","neve_meta_container":"","neve_meta_enable_content_width":"","neve_meta_content_width":0,"neve_meta_title_alignment":"","neve_meta_author_avatar":"","neve_post_elements_order":"","neve_meta_disable_header":"","neve_meta_disable_footer":"","neve_meta_disable_title":"","footnotes":""},"yoast_head":"<!-- This site is optimized with the Yoast SEO plugin v23.5 - https:\/\/yoast.com\/wordpress\/plugins\/seo\/ -->\n<title>teeregen x t-Magazin - teeregen<\/title>\n<meta name=\"description\" content=\"I am an author now! Excited to see my article published in t-Magazin, the German magazine for tea culture. &quot;Understanding Tea Langauge&quot;.\" \/>\n<meta name=\"robots\" content=\"index, follow, max-snippet:-1, max-image-preview:large, max-video-preview:-1\" \/>\n<link rel=\"canonical\" href=\"https:\/\/teeregen.de\/en\/tmagazin\/\" \/>\n<meta property=\"og:locale\" content=\"en_US\" \/>\n<meta property=\"og:type\" content=\"article\" \/>\n<meta property=\"og:title\" content=\"teeregen x t-Magazin - teeregen\" \/>\n<meta property=\"og:description\" content=\"I am an author now! Excited to see my article published in t-Magazin, the German magazine for tea culture. &quot;Understanding Tea Langauge&quot;.\" \/>\n<meta property=\"og:url\" content=\"https:\/\/teeregen.de\/en\/tmagazin\/\" \/>\n<meta property=\"og:site_name\" content=\"teeregen\" \/>\n<meta property=\"article:modified_time\" content=\"2026-03-08T19:38:58+00:00\" \/>\n<meta property=\"og:image\" content=\"https:\/\/teeregen.de\/wp-content\/uploads\/2023\/12\/231202_teeregen_tmag_vierte-1024x682.jpg\" \/>\n\t<meta property=\"og:image:width\" content=\"1024\" \/>\n\t<meta property=\"og:image:height\" content=\"682\" \/>\n\t<meta property=\"og:image:type\" content=\"image\/jpeg\" \/>\n<meta name=\"twitter:card\" content=\"summary_large_image\" \/>\n<meta name=\"twitter:label1\" content=\"Est. reading time\" \/>\n\t<meta name=\"twitter:data1\" content=\"2 minutes\" \/>\n<script type=\"application\/ld+json\" class=\"yoast-schema-graph\">{\"@context\":\"https:\/\/schema.org\",\"@graph\":[{\"@type\":\"WebPage\",\"@id\":\"https:\/\/teeregen.de\/tmagazin\/\",\"url\":\"https:\/\/teeregen.de\/tmagazin\/\",\"name\":\"teeregen x t-Magazin - teeregen\",\"isPartOf\":{\"@id\":\"https:\/\/teeregen.de\/#website\"},\"primaryImageOfPage\":{\"@id\":\"https:\/\/teeregen.de\/tmagazin\/#primaryimage\"},\"image\":{\"@id\":\"https:\/\/teeregen.de\/tmagazin\/#primaryimage\"},\"thumbnailUrl\":\"https:\/\/teeregen.de\/wp-content\/uploads\/2023\/12\/231202_teeregen_tmag_vierte.jpg\",\"datePublished\":\"2023-11-28T17:38:18+00:00\",\"dateModified\":\"2026-03-08T19:38:58+00:00\",\"description\":\"I am an author now! Excited to see my article published in t-Magazin, the German magazine for tea culture. \\\"Understanding Tea Langauge\\\".\",\"breadcrumb\":{\"@id\":\"https:\/\/teeregen.de\/tmagazin\/#breadcrumb\"},\"inLanguage\":\"en-US\",\"potentialAction\":[{\"@type\":\"ReadAction\",\"target\":[\"https:\/\/teeregen.de\/tmagazin\/\"]}]},{\"@type\":\"ImageObject\",\"inLanguage\":\"en-US\",\"@id\":\"https:\/\/teeregen.de\/tmagazin\/#primaryimage\",\"url\":\"https:\/\/teeregen.de\/wp-content\/uploads\/2023\/12\/231202_teeregen_tmag_vierte.jpg\",\"contentUrl\":\"https:\/\/teeregen.de\/wp-content\/uploads\/2023\/12\/231202_teeregen_tmag_vierte.jpg\",\"width\":2000,\"height\":1333},{\"@type\":\"BreadcrumbList\",\"@id\":\"https:\/\/teeregen.de\/tmagazin\/#breadcrumb\",\"itemListElement\":[{\"@type\":\"ListItem\",\"position\":1,\"name\":\"Startseite\",\"item\":\"https:\/\/teeregen.de\/\"},{\"@type\":\"ListItem\",\"position\":2,\"name\":\"teeregen x t-Magazin\"}]},{\"@type\":\"WebSite\",\"@id\":\"https:\/\/teeregen.de\/#website\",\"url\":\"https:\/\/teeregen.de\/\",\"name\":\"teeregen\",\"description\":\"Mehr Raum f\u00fcr Teekultur\",\"publisher\":{\"@id\":\"https:\/\/teeregen.de\/#organization\"},\"potentialAction\":[{\"@type\":\"SearchAction\",\"target\":{\"@type\":\"EntryPoint\",\"urlTemplate\":\"https:\/\/teeregen.de\/?s={search_term_string}\"},\"query-input\":{\"@type\":\"PropertyValueSpecification\",\"valueRequired\":true,\"valueName\":\"search_term_string\"}}],\"inLanguage\":\"en-US\"},{\"@type\":\"Organization\",\"@id\":\"https:\/\/teeregen.de\/#organization\",\"name\":\"teeregen\",\"url\":\"https:\/\/teeregen.de\/\",\"logo\":{\"@type\":\"ImageObject\",\"inLanguage\":\"en-US\",\"@id\":\"https:\/\/teeregen.de\/#\/schema\/logo\/image\/\",\"url\":\"https:\/\/teeregen.de\/wp-content\/uploads\/2023\/01\/211219_logo_cha_weiss_klein.jpg\",\"contentUrl\":\"https:\/\/teeregen.de\/wp-content\/uploads\/2023\/01\/211219_logo_cha_weiss_klein.jpg\",\"width\":250,\"height\":250,\"caption\":\"teeregen\"},\"image\":{\"@id\":\"https:\/\/teeregen.de\/#\/schema\/logo\/image\/\"},\"sameAs\":[\"https:\/\/www.etsy.com\/shop\/teeregen\/?etsrc=sdt\",\"https:\/\/www.instagram.com\/teeregen\/\"]}]}<\/script>\n<!-- \/ Yoast SEO plugin. -->","yoast_head_json":{"title":"teeregen x t-Magazin - teeregen","description":"I am an author now! Excited to see my article published in t-Magazin, the German magazine for tea culture. \"Understanding Tea Langauge\".","robots":{"index":"index","follow":"follow","max-snippet":"max-snippet:-1","max-image-preview":"max-image-preview:large","max-video-preview":"max-video-preview:-1"},"canonical":"https:\/\/teeregen.de\/en\/tmagazin\/","og_locale":"en_US","og_type":"article","og_title":"teeregen x t-Magazin - teeregen","og_description":"I am an author now! Excited to see my article published in t-Magazin, the German magazine for tea culture. \"Understanding Tea Langauge\".","og_url":"https:\/\/teeregen.de\/en\/tmagazin\/","og_site_name":"teeregen","article_modified_time":"2026-03-08T19:38:58+00:00","og_image":[{"width":1024,"height":682,"url":"https:\/\/teeregen.de\/wp-content\/uploads\/2023\/12\/231202_teeregen_tmag_vierte-1024x682.jpg","type":"image\/jpeg"}],"twitter_card":"summary_large_image","twitter_misc":{"Est. reading time":"2 minutes"},"schema":{"@context":"https:\/\/schema.org","@graph":[{"@type":"WebPage","@id":"https:\/\/teeregen.de\/tmagazin\/","url":"https:\/\/teeregen.de\/tmagazin\/","name":"teeregen x t-Magazin - teeregen","isPartOf":{"@id":"https:\/\/teeregen.de\/#website"},"primaryImageOfPage":{"@id":"https:\/\/teeregen.de\/tmagazin\/#primaryimage"},"image":{"@id":"https:\/\/teeregen.de\/tmagazin\/#primaryimage"},"thumbnailUrl":"https:\/\/teeregen.de\/wp-content\/uploads\/2023\/12\/231202_teeregen_tmag_vierte.jpg","datePublished":"2023-11-28T17:38:18+00:00","dateModified":"2026-03-08T19:38:58+00:00","description":"I am an author now! Excited to see my article published in t-Magazin, the German magazine for tea culture. \"Understanding Tea Langauge\".","breadcrumb":{"@id":"https:\/\/teeregen.de\/tmagazin\/#breadcrumb"},"inLanguage":"en-US","potentialAction":[{"@type":"ReadAction","target":["https:\/\/teeregen.de\/tmagazin\/"]}]},{"@type":"ImageObject","inLanguage":"en-US","@id":"https:\/\/teeregen.de\/tmagazin\/#primaryimage","url":"https:\/\/teeregen.de\/wp-content\/uploads\/2023\/12\/231202_teeregen_tmag_vierte.jpg","contentUrl":"https:\/\/teeregen.de\/wp-content\/uploads\/2023\/12\/231202_teeregen_tmag_vierte.jpg","width":2000,"height":1333},{"@type":"BreadcrumbList","@id":"https:\/\/teeregen.de\/tmagazin\/#breadcrumb","itemListElement":[{"@type":"ListItem","position":1,"name":"Startseite","item":"https:\/\/teeregen.de\/"},{"@type":"ListItem","position":2,"name":"teeregen x t-Magazin"}]},{"@type":"WebSite","@id":"https:\/\/teeregen.de\/#website","url":"https:\/\/teeregen.de\/","name":"teeregen","description":"Mehr Raum f\u00fcr Teekultur","publisher":{"@id":"https:\/\/teeregen.de\/#organization"},"potentialAction":[{"@type":"SearchAction","target":{"@type":"EntryPoint","urlTemplate":"https:\/\/teeregen.de\/?s={search_term_string}"},"query-input":{"@type":"PropertyValueSpecification","valueRequired":true,"valueName":"search_term_string"}}],"inLanguage":"en-US"},{"@type":"Organization","@id":"https:\/\/teeregen.de\/#organization","name":"teeregen","url":"https:\/\/teeregen.de\/","logo":{"@type":"ImageObject","inLanguage":"en-US","@id":"https:\/\/teeregen.de\/#\/schema\/logo\/image\/","url":"https:\/\/teeregen.de\/wp-content\/uploads\/2023\/01\/211219_logo_cha_weiss_klein.jpg","contentUrl":"https:\/\/teeregen.de\/wp-content\/uploads\/2023\/01\/211219_logo_cha_weiss_klein.jpg","width":250,"height":250,"caption":"teeregen"},"image":{"@id":"https:\/\/teeregen.de\/#\/schema\/logo\/image\/"},"sameAs":["https:\/\/www.etsy.com\/shop\/teeregen\/?etsrc=sdt","https:\/\/www.instagram.com\/teeregen\/"]}]}},"_links":{"self":[{"href":"https:\/\/teeregen.de\/en\/wp-json\/wp\/v2\/pages\/824"}],"collection":[{"href":"https:\/\/teeregen.de\/en\/wp-json\/wp\/v2\/pages"}],"about":[{"href":"https:\/\/teeregen.de\/en\/wp-json\/wp\/v2\/types\/page"}],"author":[{"embeddable":true,"href":"https:\/\/teeregen.de\/en\/wp-json\/wp\/v2\/users\/1"}],"replies":[{"embeddable":true,"href":"https:\/\/teeregen.de\/en\/wp-json\/wp\/v2\/comments?post=824"}],"version-history":[{"count":15,"href":"https:\/\/teeregen.de\/en\/wp-json\/wp\/v2\/pages\/824\/revisions"}],"predecessor-version":[{"id":1840,"href":"https:\/\/teeregen.de\/en\/wp-json\/wp\/v2\/pages\/824\/revisions\/1840"}],"wp:featuredmedia":[{"embeddable":true,"href":"https:\/\/teeregen.de\/en\/wp-json\/wp\/v2\/media\/862"}],"wp:attachment":[{"href":"https:\/\/teeregen.de\/en\/wp-json\/wp\/v2\/media?parent=824"}],"curies":[{"name":"wp","href":"https:\/\/api.w.org\/{rel}","templated":true}]}}