{"id":1547,"date":"2025-04-23T09:35:36","date_gmt":"2025-04-23T09:35:36","guid":{"rendered":"https:\/\/teeregen.de\/?page_id=1547"},"modified":"2025-08-12T18:05:47","modified_gmt":"2025-08-12T18:05:47","slug":"yoga","status":"publish","type":"page","link":"https:\/\/teeregen.de\/en\/yoga\/","title":{"rendered":"teeregen x k\u016bla yoga"},"content":{"rendered":"<p class=\"has-text-align-center has-nv-site-bg-background-color has-background\">tea rain &#8211; \u8336\u96e8 cha yu<\/p>\n\n\n\n<figure class=\"wp-block-pullquote alignwide\" style=\"font-size:30px\"><blockquote><p>tea &#8211; yoga &#8211; mindfulness<\/p><\/blockquote><\/figure>\n\n\n\n<p class=\"has-text-align-center has-neve-link-color-color has-neve-link-hover-color-background-color has-text-color has-background has-link-color wp-elements-76cdca7e32301eeea5806a4e40e6f2c2\">teeregen trifft yoga. <a href=\"https:\/\/kulayoga-studio.de\/kursplan\/\">Zur Anmeldung hier entlang zur Seite des Studios.<\/a><\/p>\n\n\n\n<div class=\"wp-block-columns is-layout-flex wp-container-core-columns-layout-1 wp-block-columns-is-layout-flex\">\n<div class=\"wp-block-column is-layout-flow wp-block-column-is-layout-flow\"><\/div>\n<\/div>\n\n\n\n<div class=\"wp-block-columns alignfull has-nv-dark-bg-background-color has-background is-layout-flex wp-container-core-columns-layout-2 wp-block-columns-is-layout-flex\">\n<div class=\"wp-block-column is-layout-flow wp-block-column-is-layout-flow\">\n<figure class=\"wp-block-image size-large\"><img loading=\"lazy\" decoding=\"async\" width=\"683\" height=\"1024\" src=\"https:\/\/teeregen.de\/wp-content\/uploads\/2025\/04\/250423_teeregen_teapot_stacked-683x1024.jpg\" alt=\"\" class=\"wp-image-1548\" srcset=\"https:\/\/teeregen.de\/wp-content\/uploads\/2025\/04\/250423_teeregen_teapot_stacked-683x1024.jpg 683w, https:\/\/teeregen.de\/wp-content\/uploads\/2025\/04\/250423_teeregen_teapot_stacked-200x300.jpg 200w, https:\/\/teeregen.de\/wp-content\/uploads\/2025\/04\/250423_teeregen_teapot_stacked-768x1152.jpg 768w, https:\/\/teeregen.de\/wp-content\/uploads\/2025\/04\/250423_teeregen_teapot_stacked-8x12.jpg 8w, https:\/\/teeregen.de\/wp-content\/uploads\/2025\/04\/250423_teeregen_teapot_stacked.jpg 1000w\" sizes=\"(max-width: 683px) 100vw, 683px\" \/><\/figure>\n<\/div>\n\n\n\n<div class=\"wp-block-column is-layout-flow wp-block-column-is-layout-flow\" style=\"padding-top:0;padding-right:0;padding-bottom:0;padding-left:0\">\n<p class=\"has-nv-site-bg-color has-text-color has-link-color wp-elements-6fe8a304d8b1ed6d368f3dbf8ae247a3\" style=\"padding-top:var(--wp--preset--spacing--60);padding-right:var(--wp--preset--spacing--60);padding-bottom:var(--wp--preset--spacing--60);padding-left:var(--wp--preset--spacing--60)\"><strong>So., 07.09.2025, 16:30-17:30 Uhr<\/strong><\/p>\n\n\n\n<p class=\"has-nv-site-bg-color has-text-color has-link-color wp-elements-a874d86fd6ea942525b3d11b6a62c7c2\" style=\"padding-right:var(--wp--preset--spacing--60);padding-left:var(--wp--preset--spacing--60)\">Corneliastr. 17, 45130 Essen<\/p>\n\n\n\n<p class=\"has-nv-site-bg-color has-text-color has-link-color wp-elements-def3182cc41f8956b4e2243dbb3047f1\" style=\"padding-right:var(--wp--preset--spacing--60);padding-left:var(--wp--preset--spacing--60)\">Wohlbefinden und Tee geh\u00f6ren f\u00fcr viele Menschen zusammen, denn eine gute Tasse Tee will in Ruhe aufgegossen und getrunken werden. In seinem Ursprungsland China war Tee neben Medizin auch Hilfsmittel zur Meditation, lang bevor Tee zum Freizeitgetr\u00e4nk wurde. Mithilfe einer chinesischen Art der Teezubereitung wird das Teetrinken zu einer Achtsamkeits\u00fcbung. Gemeinsam erkunden wir unterschiedliche Aspekte der Teekultur mit all unseren Sinnen.<\/p>\n\n\n\n<p class=\"has-nv-site-bg-color has-text-color has-link-color wp-elements-c3a46c3036860c25c24625ffba2d2ecf\" style=\"padding-right:var(--wp--preset--spacing--60);padding-left:var(--wp--preset--spacing--60)\">Die Termine bauen nicht aufeinander auf, haben aber jeweils einen leicht variierenden Schwerpunkt. Bei warmen Wetter werden erfrischende Tees serviert.<\/p>\n<\/div>\n<\/div>\n\n\n\n<p class=\"has-text-align-center\"><\/p>\n\n\n\n<ul class=\"wp-block-social-links aligncenter has-huge-icon-size is-layout-flex wp-block-social-links-is-layout-flex\"><li class=\"wp-social-link wp-social-link-instagram  wp-block-social-link\"><a href=\"https:\/\/www.instagram.com\/teeregen\/\" class=\"wp-block-social-link-anchor\"><svg width=\"24\" height=\"24\" viewbox=\"0 0 24 24\" version=\"1.1\" xmlns=\"http:\/\/www.w3.org\/2000\/svg\" aria-hidden=\"true\" focusable=\"false\"><path d=\"M12,4.622c2.403,0,2.688,0.009,3.637,0.052c0.877,0.04,1.354,0.187,1.671,0.31c0.42,0.163,0.72,0.358,1.035,0.673 c0.315,0.315,0.51,0.615,0.673,1.035c0.123,0.317,0.27,0.794,0.31,1.671c0.043,0.949,0.052,1.234,0.052,3.637 s-0.009,2.688-0.052,3.637c-0.04,0.877-0.187,1.354-0.31,1.671c-0.163,0.42-0.358,0.72-0.673,1.035 c-0.315,0.315-0.615,0.51-1.035,0.673c-0.317,0.123-0.794,0.27-1.671,0.31c-0.949,0.043-1.233,0.052-3.637,0.052 s-2.688-0.009-3.637-0.052c-0.877-0.04-1.354-0.187-1.671-0.31c-0.42-0.163-0.72-0.358-1.035-0.673 c-0.315-0.315-0.51-0.615-0.673-1.035c-0.123-0.317-0.27-0.794-0.31-1.671C4.631,14.688,4.622,14.403,4.622,12 s0.009-2.688,0.052-3.637c0.04-0.877,0.187-1.354,0.31-1.671c0.163-0.42,0.358-0.72,0.673-1.035 c0.315-0.315,0.615-0.51,1.035-0.673c0.317-0.123,0.794-0.27,1.671-0.31C9.312,4.631,9.597,4.622,12,4.622 M12,3 C9.556,3,9.249,3.01,8.289,3.054C7.331,3.098,6.677,3.25,6.105,3.472C5.513,3.702,5.011,4.01,4.511,4.511 c-0.5,0.5-0.808,1.002-1.038,1.594C3.25,6.677,3.098,7.331,3.054,8.289C3.01,9.249,3,9.556,3,12c0,2.444,0.01,2.751,0.054,3.711 c0.044,0.958,0.196,1.612,0.418,2.185c0.23,0.592,0.538,1.094,1.038,1.594c0.5,0.5,1.002,0.808,1.594,1.038 c0.572,0.222,1.227,0.375,2.185,0.418C9.249,20.99,9.556,21,12,21s2.751-0.01,3.711-0.054c0.958-0.044,1.612-0.196,2.185-0.418 c0.592-0.23,1.094-0.538,1.594-1.038c0.5-0.5,0.808-1.002,1.038-1.594c0.222-0.572,0.375-1.227,0.418-2.185 C20.99,14.751,21,14.444,21,12s-0.01-2.751-0.054-3.711c-0.044-0.958-0.196-1.612-0.418-2.185c-0.23-0.592-0.538-1.094-1.038-1.594 c-0.5-0.5-1.002-0.808-1.594-1.038c-0.572-0.222-1.227-0.375-2.185-0.418C14.751,3.01,14.444,3,12,3L12,3z M12,7.378 c-2.552,0-4.622,2.069-4.622,4.622S9.448,16.622,12,16.622s4.622-2.069,4.622-4.622S14.552,7.378,12,7.378z M12,15 c-1.657,0-3-1.343-3-3s1.343-3,3-3s3,1.343,3,3S13.657,15,12,15z M16.804,6.116c-0.596,0-1.08,0.484-1.08,1.08 s0.484,1.08,1.08,1.08c0.596,0,1.08-0.484,1.08-1.08S17.401,6.116,16.804,6.116z\"><\/path><\/svg><span class=\"wp-block-social-link-label screen-reader-text\">Instagram<\/span><\/a><\/li>\n\n<li class=\"wp-social-link wp-social-link-etsy  wp-block-social-link\"><a href=\"https:\/\/www.etsy.com\/shop\/teeregen\/\" class=\"wp-block-social-link-anchor\"><svg width=\"24\" height=\"24\" viewbox=\"0 0 24 24\" version=\"1.1\" xmlns=\"http:\/\/www.w3.org\/2000\/svg\" aria-hidden=\"true\" focusable=\"false\"><path d=\"M9.16033,4.038c0-.27174.02717-.43478.48913-.43478h6.22283c1.087,0,1.68478.92391,2.11957,2.663l.35326,1.38587h1.05978C19.59511,3.712,19.75815,2,19.75815,2s-2.663.29891-4.23913.29891h-7.962L3.29076,2.163v1.1413L4.731,3.57609c1.00543.19022,1.25.40761,1.33152,1.33152,0,0,.08152,2.71739.08152,7.20109s-.08152,7.17391-.08152,7.17391c0,.81522-.32609,1.11413-1.33152,1.30435l-1.44022.27174V22l4.2663-.13587h7.11957c1.60326,0,5.32609.13587,5.32609.13587.08152-.97826.625-5.40761.70652-5.89674H19.7038L18.644,18.52174c-.84239,1.90217-2.06522,2.038-3.42391,2.038H11.1712c-1.3587,0-2.01087-.54348-2.01087-1.712V12.65217s3.0163,0,3.99457.08152c.76087.05435,1.22283.27174,1.46739,1.33152l.32609,1.413h1.16848l-.08152-3.55978.163-3.587H15.02989l-.38043,1.57609c-.24457,1.03261-.40761,1.22283-1.46739,1.33152-1.38587.13587-4.02174.1087-4.02174.1087Z\"><\/path><\/svg><span class=\"wp-block-social-link-label screen-reader-text\">Etsy<\/span><\/a><\/li><\/ul>\n\n\n\n<p class=\"has-text-align-center\" style=\"font-size:22px\"><strong>LY<\/strong><\/p>\n\n\n\n<p><\/p>\n\n\n\n<p><\/p>","protected":false},"excerpt":{"rendered":"<p>tea rain &#8211; \u8336\u96e8 cha yu tea &#8211; yoga &#8211; mindfulness teeregen trifft yoga. Zur Anmeldung hier entlang zur Seite des Studios. So., 07.09.2025, 16:30-17:30 Uhr Corneliastr. 17, 45130 Essen Wohlbefinden und Tee geh\u00f6ren f\u00fcr viele Menschen zusammen, denn eine gute Tasse Tee will in Ruhe aufgegossen und getrunken werden. In seinem Ursprungsland China war&hellip;&nbsp;<a href=\"https:\/\/teeregen.de\/en\/yoga\/\" rel=\"bookmark\">Read More &raquo;<span class=\"screen-reader-text\">teeregen x k\u016bla yoga<\/span><\/a><\/p>","protected":false},"author":1,"featured_media":1551,"parent":0,"menu_order":0,"comment_status":"closed","ping_status":"closed","template":"","meta":{"neve_meta_sidebar":"","neve_meta_container":"","neve_meta_enable_content_width":"","neve_meta_content_width":0,"neve_meta_title_alignment":"","neve_meta_author_avatar":"","neve_post_elements_order":"","neve_meta_disable_header":"","neve_meta_disable_footer":"","neve_meta_disable_title":"","footnotes":""},"yoast_head":"<!-- This site is optimized with the Yoast SEO plugin v23.5 - https:\/\/yoast.com\/wordpress\/plugins\/seo\/ -->\n<title>teeregen x k\u016bla yoga - teeregen<\/title>\n<meta name=\"description\" content=\"Sei dabei und trinke Tee mit uns im gem\u00fctlichen k\u016bla yoga Studio. Erfahre mehr \u00fcber Teekultur und wie sie uns im Alltag hilft, unser Wohlbefinden zu steigern.\" \/>\n<meta name=\"robots\" content=\"index, follow, max-snippet:-1, max-image-preview:large, max-video-preview:-1\" \/>\n<link rel=\"canonical\" href=\"https:\/\/teeregen.de\/en\/yoga\/\" \/>\n<meta property=\"og:locale\" content=\"en_US\" \/>\n<meta property=\"og:type\" content=\"article\" \/>\n<meta property=\"og:title\" content=\"teeregen x k\u016bla yoga - teeregen\" \/>\n<meta property=\"og:description\" content=\"Sei dabei und trinke Tee mit uns im gem\u00fctlichen k\u016bla yoga Studio. Erfahre mehr \u00fcber Teekultur und wie sie uns im Alltag hilft, unser Wohlbefinden zu steigern.\" \/>\n<meta property=\"og:url\" content=\"https:\/\/teeregen.de\/en\/yoga\/\" \/>\n<meta property=\"og:site_name\" content=\"teeregen\" \/>\n<meta property=\"article:modified_time\" content=\"2025-08-12T18:05:47+00:00\" \/>\n<meta property=\"og:image\" content=\"https:\/\/teeregen.de\/wp-content\/uploads\/2025\/04\/250423_teeregen_teacups.jpg\" \/>\n\t<meta property=\"og:image:width\" content=\"2000\" \/>\n\t<meta property=\"og:image:height\" content=\"1333\" \/>\n\t<meta property=\"og:image:type\" content=\"image\/jpeg\" \/>\n<meta name=\"twitter:card\" content=\"summary_large_image\" \/>\n<meta name=\"twitter:label1\" content=\"Est. reading time\" \/>\n\t<meta name=\"twitter:data1\" content=\"1 minute\" \/>\n<script type=\"application\/ld+json\" class=\"yoast-schema-graph\">{\"@context\":\"https:\/\/schema.org\",\"@graph\":[{\"@type\":\"WebPage\",\"@id\":\"https:\/\/teeregen.de\/yoga\/\",\"url\":\"https:\/\/teeregen.de\/yoga\/\",\"name\":\"teeregen x k\u016bla yoga - teeregen\",\"isPartOf\":{\"@id\":\"https:\/\/teeregen.de\/#website\"},\"primaryImageOfPage\":{\"@id\":\"https:\/\/teeregen.de\/yoga\/#primaryimage\"},\"image\":{\"@id\":\"https:\/\/teeregen.de\/yoga\/#primaryimage\"},\"thumbnailUrl\":\"https:\/\/teeregen.de\/wp-content\/uploads\/2025\/04\/250423_teeregen_teacups.jpg\",\"datePublished\":\"2025-04-23T09:35:36+00:00\",\"dateModified\":\"2025-08-12T18:05:47+00:00\",\"description\":\"Sei dabei und trinke Tee mit uns im gem\u00fctlichen k\u016bla yoga Studio. Erfahre mehr \u00fcber Teekultur und wie sie uns im Alltag hilft, unser Wohlbefinden zu steigern.\",\"breadcrumb\":{\"@id\":\"https:\/\/teeregen.de\/yoga\/#breadcrumb\"},\"inLanguage\":\"en-US\",\"potentialAction\":[{\"@type\":\"ReadAction\",\"target\":[\"https:\/\/teeregen.de\/yoga\/\"]}]},{\"@type\":\"ImageObject\",\"inLanguage\":\"en-US\",\"@id\":\"https:\/\/teeregen.de\/yoga\/#primaryimage\",\"url\":\"https:\/\/teeregen.de\/wp-content\/uploads\/2025\/04\/250423_teeregen_teacups.jpg\",\"contentUrl\":\"https:\/\/teeregen.de\/wp-content\/uploads\/2025\/04\/250423_teeregen_teacups.jpg\",\"width\":2000,\"height\":1333},{\"@type\":\"BreadcrumbList\",\"@id\":\"https:\/\/teeregen.de\/yoga\/#breadcrumb\",\"itemListElement\":[{\"@type\":\"ListItem\",\"position\":1,\"name\":\"Startseite\",\"item\":\"https:\/\/teeregen.de\/\"},{\"@type\":\"ListItem\",\"position\":2,\"name\":\"teeregen x k\u016bla yoga\"}]},{\"@type\":\"WebSite\",\"@id\":\"https:\/\/teeregen.de\/#website\",\"url\":\"https:\/\/teeregen.de\/\",\"name\":\"teeregen\",\"description\":\"Mehr Raum f\u00fcr Teekultur\",\"publisher\":{\"@id\":\"https:\/\/teeregen.de\/#organization\"},\"potentialAction\":[{\"@type\":\"SearchAction\",\"target\":{\"@type\":\"EntryPoint\",\"urlTemplate\":\"https:\/\/teeregen.de\/?s={search_term_string}\"},\"query-input\":{\"@type\":\"PropertyValueSpecification\",\"valueRequired\":true,\"valueName\":\"search_term_string\"}}],\"inLanguage\":\"en-US\"},{\"@type\":\"Organization\",\"@id\":\"https:\/\/teeregen.de\/#organization\",\"name\":\"teeregen\",\"url\":\"https:\/\/teeregen.de\/\",\"logo\":{\"@type\":\"ImageObject\",\"inLanguage\":\"en-US\",\"@id\":\"https:\/\/teeregen.de\/#\/schema\/logo\/image\/\",\"url\":\"https:\/\/teeregen.de\/wp-content\/uploads\/2023\/01\/211219_logo_cha_weiss_klein.jpg\",\"contentUrl\":\"https:\/\/teeregen.de\/wp-content\/uploads\/2023\/01\/211219_logo_cha_weiss_klein.jpg\",\"width\":250,\"height\":250,\"caption\":\"teeregen\"},\"image\":{\"@id\":\"https:\/\/teeregen.de\/#\/schema\/logo\/image\/\"},\"sameAs\":[\"https:\/\/www.etsy.com\/shop\/teeregen\/?etsrc=sdt\",\"https:\/\/www.instagram.com\/teeregen\/\"]}]}<\/script>\n<!-- \/ Yoast SEO plugin. -->","yoast_head_json":{"title":"teeregen x k\u016bla yoga - teeregen","description":"Sei dabei und trinke Tee mit uns im gem\u00fctlichen k\u016bla yoga Studio. Erfahre mehr \u00fcber Teekultur und wie sie uns im Alltag hilft, unser Wohlbefinden zu steigern.","robots":{"index":"index","follow":"follow","max-snippet":"max-snippet:-1","max-image-preview":"max-image-preview:large","max-video-preview":"max-video-preview:-1"},"canonical":"https:\/\/teeregen.de\/en\/yoga\/","og_locale":"en_US","og_type":"article","og_title":"teeregen x k\u016bla yoga - teeregen","og_description":"Sei dabei und trinke Tee mit uns im gem\u00fctlichen k\u016bla yoga Studio. Erfahre mehr \u00fcber Teekultur und wie sie uns im Alltag hilft, unser Wohlbefinden zu steigern.","og_url":"https:\/\/teeregen.de\/en\/yoga\/","og_site_name":"teeregen","article_modified_time":"2025-08-12T18:05:47+00:00","og_image":[{"width":2000,"height":1333,"url":"https:\/\/teeregen.de\/wp-content\/uploads\/2025\/04\/250423_teeregen_teacups.jpg","type":"image\/jpeg"}],"twitter_card":"summary_large_image","twitter_misc":{"Est. reading time":"1 minute"},"schema":{"@context":"https:\/\/schema.org","@graph":[{"@type":"WebPage","@id":"https:\/\/teeregen.de\/yoga\/","url":"https:\/\/teeregen.de\/yoga\/","name":"teeregen x k\u016bla yoga - teeregen","isPartOf":{"@id":"https:\/\/teeregen.de\/#website"},"primaryImageOfPage":{"@id":"https:\/\/teeregen.de\/yoga\/#primaryimage"},"image":{"@id":"https:\/\/teeregen.de\/yoga\/#primaryimage"},"thumbnailUrl":"https:\/\/teeregen.de\/wp-content\/uploads\/2025\/04\/250423_teeregen_teacups.jpg","datePublished":"2025-04-23T09:35:36+00:00","dateModified":"2025-08-12T18:05:47+00:00","description":"Sei dabei und trinke Tee mit uns im gem\u00fctlichen k\u016bla yoga Studio. Erfahre mehr \u00fcber Teekultur und wie sie uns im Alltag hilft, unser Wohlbefinden zu steigern.","breadcrumb":{"@id":"https:\/\/teeregen.de\/yoga\/#breadcrumb"},"inLanguage":"en-US","potentialAction":[{"@type":"ReadAction","target":["https:\/\/teeregen.de\/yoga\/"]}]},{"@type":"ImageObject","inLanguage":"en-US","@id":"https:\/\/teeregen.de\/yoga\/#primaryimage","url":"https:\/\/teeregen.de\/wp-content\/uploads\/2025\/04\/250423_teeregen_teacups.jpg","contentUrl":"https:\/\/teeregen.de\/wp-content\/uploads\/2025\/04\/250423_teeregen_teacups.jpg","width":2000,"height":1333},{"@type":"BreadcrumbList","@id":"https:\/\/teeregen.de\/yoga\/#breadcrumb","itemListElement":[{"@type":"ListItem","position":1,"name":"Startseite","item":"https:\/\/teeregen.de\/"},{"@type":"ListItem","position":2,"name":"teeregen x k\u016bla yoga"}]},{"@type":"WebSite","@id":"https:\/\/teeregen.de\/#website","url":"https:\/\/teeregen.de\/","name":"teeregen","description":"Mehr Raum f\u00fcr Teekultur","publisher":{"@id":"https:\/\/teeregen.de\/#organization"},"potentialAction":[{"@type":"SearchAction","target":{"@type":"EntryPoint","urlTemplate":"https:\/\/teeregen.de\/?s={search_term_string}"},"query-input":{"@type":"PropertyValueSpecification","valueRequired":true,"valueName":"search_term_string"}}],"inLanguage":"en-US"},{"@type":"Organization","@id":"https:\/\/teeregen.de\/#organization","name":"teeregen","url":"https:\/\/teeregen.de\/","logo":{"@type":"ImageObject","inLanguage":"en-US","@id":"https:\/\/teeregen.de\/#\/schema\/logo\/image\/","url":"https:\/\/teeregen.de\/wp-content\/uploads\/2023\/01\/211219_logo_cha_weiss_klein.jpg","contentUrl":"https:\/\/teeregen.de\/wp-content\/uploads\/2023\/01\/211219_logo_cha_weiss_klein.jpg","width":250,"height":250,"caption":"teeregen"},"image":{"@id":"https:\/\/teeregen.de\/#\/schema\/logo\/image\/"},"sameAs":["https:\/\/www.etsy.com\/shop\/teeregen\/?etsrc=sdt","https:\/\/www.instagram.com\/teeregen\/"]}]}},"_links":{"self":[{"href":"https:\/\/teeregen.de\/en\/wp-json\/wp\/v2\/pages\/1547"}],"collection":[{"href":"https:\/\/teeregen.de\/en\/wp-json\/wp\/v2\/pages"}],"about":[{"href":"https:\/\/teeregen.de\/en\/wp-json\/wp\/v2\/types\/page"}],"author":[{"embeddable":true,"href":"https:\/\/teeregen.de\/en\/wp-json\/wp\/v2\/users\/1"}],"replies":[{"embeddable":true,"href":"https:\/\/teeregen.de\/en\/wp-json\/wp\/v2\/comments?post=1547"}],"version-history":[{"count":7,"href":"https:\/\/teeregen.de\/en\/wp-json\/wp\/v2\/pages\/1547\/revisions"}],"predecessor-version":[{"id":1695,"href":"https:\/\/teeregen.de\/en\/wp-json\/wp\/v2\/pages\/1547\/revisions\/1695"}],"wp:featuredmedia":[{"embeddable":true,"href":"https:\/\/teeregen.de\/en\/wp-json\/wp\/v2\/media\/1551"}],"wp:attachment":[{"href":"https:\/\/teeregen.de\/en\/wp-json\/wp\/v2\/media?parent=1547"}],"curies":[{"name":"wp","href":"https:\/\/api.w.org\/{rel}","templated":true}]}}